{"id":1009,"date":"2025-02-23T18:25:34","date_gmt":"2025-02-23T17:25:34","guid":{"rendered":"https:\/\/captainpop.fr\/wordpress\/?page_id=1009"},"modified":"2025-02-23T21:01:08","modified_gmt":"2025-02-23T20:01:08","slug":"actus-bleu","status":"publish","type":"page","link":"https:\/\/captainpop.fr\/wordpress\/bleu\/actus-bleu\/","title":{"rendered":"Pop Actus"},"content":{"rendered":"<ul class=\"wp-block-latest-posts__list wp-block-latest-posts\"><li><div class=\"wp-block-latest-posts__featured-image\"><img loading=\"lazy\" decoding=\"async\" width=\"150\" height=\"150\" src=\"https:\/\/captainpop.fr\/wordpress\/wp-content\/uploads\/2025\/12\/reveillonfanny-150x150.jpg\" class=\"attachment-thumbnail size-thumbnail wp-post-image\" alt=\"\" style=\"\" \/><\/div><a class=\"wp-block-latest-posts__post-title\" href=\"https:\/\/captainpop.fr\/wordpress\/2025\/12\/hiver-2025-2026\/\">HIVER 2025 \/ 2026<\/a><div class=\"wp-block-latest-posts__post-excerpt\">Repas dansant le 31 d\u00e9cembre 2025, pour finir l&rsquo;ann\u00e9e en pop beaut\u00e9<\/div><\/li>\n<li><div class=\"wp-block-latest-posts__featured-image\"><img loading=\"lazy\" decoding=\"async\" width=\"150\" height=\"150\" src=\"https:\/\/captainpop.fr\/wordpress\/wp-content\/uploads\/2025\/04\/rentree-Fanny-2025-2-150x150.jpg\" class=\"attachment-thumbnail size-thumbnail wp-post-image\" alt=\"\" style=\"\" \/><\/div><a class=\"wp-block-latest-posts__post-title\" href=\"https:\/\/captainpop.fr\/wordpress\/2025\/04\/coming-soon-2\/\">ETE 2025<\/a><div class=\"wp-block-latest-posts__post-excerpt\">L&rsquo;\u00e9t\u00e9 finira bien un jour&#8230; alors il faudra s&rsquo;y faire, ce sera la rentr\u00e9e&#8230; Et bien soit ! Que la rentr\u00e9e soit musicale, en fanfare, chez Fanny, au son d&rsquo;une pop tonitruante et charg\u00e9e du soleil de l&rsquo;\u00e9t\u00e9 !<\/div><\/li>\n<li><div class=\"wp-block-latest-posts__featured-image\"><img loading=\"lazy\" decoding=\"async\" width=\"150\" height=\"150\" src=\"https:\/\/captainpop.fr\/wordpress\/wp-content\/uploads\/2025\/03\/actu-mars-2025-150x150.jpg\" class=\"attachment-thumbnail size-thumbnail wp-post-image\" alt=\"\" style=\"\" \/><\/div><a class=\"wp-block-latest-posts__post-title\" href=\"https:\/\/captainpop.fr\/wordpress\/2025\/03\/a-venir\/\">A venir en mars<\/a><div class=\"wp-block-latest-posts__post-excerpt\">Les concerts et \u00e9v\u00e8nements publics du mois de mars 2025<\/div><\/li>\n<li><div class=\"wp-block-latest-posts__featured-image\"><img loading=\"lazy\" decoding=\"async\" width=\"150\" height=\"150\" src=\"https:\/\/captainpop.fr\/wordpress\/wp-content\/uploads\/2025\/02\/double-150x150.jpg\" class=\"attachment-thumbnail size-thumbnail wp-post-image\" alt=\"\" style=\"\" \/><\/div><a class=\"wp-block-latest-posts__post-title\" href=\"https:\/\/captainpop.fr\/wordpress\/2025\/02\/coming-soon\/\">Coming soon<\/a><div class=\"wp-block-latest-posts__post-excerpt\">Next concerts ! Chez Fanny, haut lieu de gastronomie et de Pop Music ! Les 14 et 21 f\u00e9vrier, 2 atmosph\u00e8res tr\u00e8s diff\u00e9rentes\u2026<\/div><\/li>\n<li><div class=\"wp-block-latest-posts__featured-image\"><img loading=\"lazy\" decoding=\"async\" width=\"150\" height=\"150\" src=\"https:\/\/captainpop.fr\/wordpress\/wp-content\/uploads\/2025\/01\/captain-neige-150x150.jpg\" class=\"attachment-thumbnail size-thumbnail wp-post-image\" alt=\"\" style=\"\" \/><\/div><a class=\"wp-block-latest-posts__post-title\" href=\"https:\/\/captainpop.fr\/wordpress\/2025\/01\/karellis-2024\/\">Les Karellis<\/a><div class=\"wp-block-latest-posts__post-excerpt\">C&rsquo;est parti pour les Karellis Comme chaque hiver, le Captain Pop prend son b\u00e2ton de ski de p\u00e8lerin et va distiller la Pop Music entre 1600 et 2400 m\u00e8tres, dans la station des Karellis en Maurienne. Avalanche de musique sensuelle pour des ap\u00e9ritifs pop et des soir\u00e9es endiabl\u00e9es et lascives, dans les r\u00e9sidences h\u00f4teli\u00e8res d&rsquo;Odesia\u2026 <a class=\"wp-block-latest-posts__read-more\" href=\"https:\/\/captainpop.fr\/wordpress\/2025\/01\/karellis-2024\/\" rel=\"noopener noreferrer\">Lire la suite<span class=\"screen-reader-text\">\u00a0: Les Karellis<\/span><\/a><\/div><\/li>\n<\/ul>","protected":false},"excerpt":{"rendered":"","protected":false},"author":1,"featured_media":745,"parent":798,"menu_order":0,"comment_status":"closed","ping_status":"closed","template":"pages-bleues","meta":{"footnotes":""},"class_list":["post-1009","page","type-page","status-publish","has-post-thumbnail","hentry"],"_links":{"self":[{"href":"https:\/\/captainpop.fr\/wordpress\/wp-json\/wp\/v2\/pages\/1009","targetHints":{"allow":["GET"]}}],"collection":[{"href":"https:\/\/captainpop.fr\/wordpress\/wp-json\/wp\/v2\/pages"}],"about":[{"href":"https:\/\/captainpop.fr\/wordpress\/wp-json\/wp\/v2\/types\/page"}],"author":[{"embeddable":true,"href":"https:\/\/captainpop.fr\/wordpress\/wp-json\/wp\/v2\/users\/1"}],"replies":[{"embeddable":true,"href":"https:\/\/captainpop.fr\/wordpress\/wp-json\/wp\/v2\/comments?post=1009"}],"version-history":[{"count":1,"href":"https:\/\/captainpop.fr\/wordpress\/wp-json\/wp\/v2\/pages\/1009\/revisions"}],"predecessor-version":[{"id":1010,"href":"https:\/\/captainpop.fr\/wordpress\/wp-json\/wp\/v2\/pages\/1009\/revisions\/1010"}],"up":[{"embeddable":true,"href":"https:\/\/captainpop.fr\/wordpress\/wp-json\/wp\/v2\/pages\/798"}],"wp:featuredmedia":[{"embeddable":true,"href":"https:\/\/captainpop.fr\/wordpress\/wp-json\/wp\/v2\/media\/745"}],"wp:attachment":[{"href":"https:\/\/captainpop.fr\/wordpress\/wp-json\/wp\/v2\/media?parent=1009"}],"curies":[{"name":"wp","href":"https:\/\/api.w.org\/{rel}","templated":true}]}}