{"id":1018,"date":"2025-02-23T19:24:19","date_gmt":"2025-02-23T18:24:19","guid":{"rendered":"https:\/\/captainpop.fr\/wordpress\/?page_id=1018"},"modified":"2025-03-04T21:17:36","modified_gmt":"2025-03-04T20:17:36","slug":"pop-golden-book-rose","status":"publish","type":"page","link":"https:\/\/captainpop.fr\/wordpress\/rose\/bonus-pop-rose\/pop-golden-book-rose\/","title":{"rendered":"Pop Golden Book"},"content":{"rendered":"\n<h2 class=\"wp-block-heading has-accent-text-color has-accent-background-color has-text-color has-background has-link-color wp-elements-090a82aca55526d852dd989e8f2e2cd5\">Des t\u00e9moignages pour l&rsquo;\u00e9ternit\u00e9<\/h2>\n\n\n\n<h4 class=\"wp-block-heading\">Dans le monde entier, de Calcutta \u00e0 Pont-Trambouze<\/h4>\n\n\n<ul class=\"commentaires-complets\"><li><h4>Fred UGHETTO<\/h4><h5>21\/10\/2025<\/h5> Un grand merci Captain Pop, le contrat a \u00e9t\u00e9 plus qu&rsquo;honor\u00e9 !!! \r\nTu nous as anim\u00e9 une soir\u00e9e d&rsquo;enfer pour nos 50 ans partag\u00e9 avec mon copain Roro, quasi 100 invit\u00e9s, tu as assur\u00e9 du d\u00e9but \u00e0 la fin &#8230; \r\nSuper pr\u00e9pa avec les filles en amont, tu as m\u00eame r\u00e9ussi \u00e0 nous faire chanter lol !!!! \r\nJe suis vraiment ravi d&rsquo;avoir partag\u00e9 ma soir\u00e9e des 50 ans avec toi aux manettes &#8230; c&rsquo;\u00e9tait juste g\u00e9nial et un super mix entre la musique en mode DJ et les parties ou tu passais en mode guitare et micro &#8230; une v\u00e9ritable r\u00e9galade !!! \r\n@tr\u00e8s vite (enfin pas trop quand m\u00eame) pour nos 55 &#8230; \r\n\r\nVous pouvez y aller les yeux ferm\u00e9s &#8230; il assure grave et je n&rsquo;ai aucun conflit d&rsquo;int\u00e9r\u00eat lol &#8230;<\/li><li><h4>GIRAUD<\/h4><h5>21\/10\/2025<\/h5> <p>Un grand merci \u00e0 Capta\u00een Pop qui a grandement contribu\u00e9 \u00e0 la r\u00e9ussite de notre soir\u00e9e d\u2019anniversaire.<br \/>\nAvec son costume de soir\u00e9e, ses lunettes \u00e0 paillettes et la guitare en main , il sait chauffer une salle et rythmer la soir\u00e9e avec des playlists choisies \u00e0 fa\u00e7on. Il sait capter l\u2019humeur de la soir\u00e9e et rebondir pour permettre encha\u00eenements et rebondissements. <\/p>\n<p>Il sait \u00eatre \u00e0 l\u2019\u00e9coute tout du long, ne s\u2019arr\u00eate jamais et fait preuve d\u2019une belle \u00e9nergie. <\/p>\n<p>Mille mercis.<br \/>\nNous recommandons plus plus plus \ud83e\udd17<br \/>\nRonald<\/p>\n<\/li><li><h4>Patrick Meilland<\/h4><h5>22\/09\/2025<\/h5> <p>soiree d anniversaire pour moi et mes enfants avec famille et amis de 20 a 80+. anim, quiz, musique, timing avec les autres elements(apero, chaud, dessert, recap photo&#8230;) et surtout capacite a maintenir l attention et tempo avec humour et repartie appropriee&#8230;. beaucoup d invites m ont informe des jeunes aux plus ages de ne pas avoir vu le temps passer.<br \/>\nbravo captain. encore merci<\/p>\n<\/li><li><h4>Labas<\/h4><h5>23\/06\/2025<\/h5> <p>Nous avons pass\u00e9 un excellent moment avec le captain pop. Plein d&rsquo;\u00e9nergie avec entre autres une playlist live g\u00e9niale et entra\u00eenante. Certainement le meilleur ingr\u00e9dient pour ma f\u00eate d&rsquo;anniversaire.Que des retours positifs parmi les convives.<\/p>\n<\/li><li><h4>Barbara<\/h4><h5>03\/03\/2025<\/h5> <p>Une soiree avec Captain Pop&#8230;c&rsquo;est une dose d&rsquo;ecstasy assur\u00e9e \ud83d\ude43 : la temp\u00e9rature monte \ud83d\udd25, le palpitant est \u00e0 son comble \ud83d\udc9c, bien-\u00eatre, euphorie et \u00e9nergie d\u00e9bordante vont t&rsquo;envahir\ud83e\udd29\ud83d\ude0d\ud83e\udd70<br \/>\nAlors n&rsquo;h\u00e9site pas&#8230;prend la pilule \ud83d\udc8a<br \/>\nRdv aux Karellis pour ma dose de bien-\u00eatre \ud83d\ude01<br \/>\n\u26a0\ufe0fToute drogue engendre ses addictions, tu vas devenir accro \u26a0\ufe0f (mais tu seras pr\u00e9venu ^^)<\/p>\n<\/li><li><h4>Isabelle<\/h4><h5>24\/12\/2024<\/h5> <p>Captain Pop c&rsquo;est l&rsquo;assurance d&rsquo;une belle soir\u00e9e musicale et\/ou dansante sur mesure qui r\u00e9chauffe les c\u0153urs et qui \u00e9nergise les corps !<\/p>\n<\/li><li><h4>Bianchi<\/h4><h5>18\/12\/2024<\/h5> <p>Nous tenons \u00e0 exprimer notre sinc\u00e8re gratitude \u00e0 Captain Pop pour l&rsquo;excellente ambiance qu&rsquo;il a su cr\u00e9er lors de la f\u00eate de la musique de notre association.  Son professionnalisme et son \u00e9coute ont \u00e9t\u00e9 remarquables. Nous ferons appel \u00e0 ses services avec plaisir pour nos prochains \u00e9v\u00e9nements.<\/p>\n<\/li><li><h4>Amiot Roger<\/h4><h5>14\/12\/2024<\/h5> <p>Merci pour la soir\u00e9e superbement r\u00e9ussie samedi 7 d\u00e9cembre 2024 \u00e0 Bagnols du club Cabot.<br \/>\nD\u00e8s que nous organisons une autre soir\u00e9e , nous t\u2019appellerons . Tous nos adh\u00e9rents pr\u00e9sents ont \u00e9t\u00e9 enchant\u00e9s<\/p>\n<\/li><li><h4>Classe 1985<\/h4><h5>08\/12\/2024<\/h5> <p>Salut Captain , Super Soir\u00e9e au caveau de belleville en B. pour notre soir\u00e9e de la classe 1985 samedi dernier.<\/p>\n<\/li><li><h4>denis<\/h4><h5>07\/12\/2024<\/h5> <p>Captain Pop, c&rsquo;est le top.<\/p>\n<\/li><li><h4>Chavanes<\/h4><h5>17\/03\/2024<\/h5> <p>Super soir\u00e9e.On \u00e9tait \u00e0 Rillieux la pape \u00e0 une soir\u00e9e des ann\u00e9es 80 super DJ . Bravo \u00e0 toi. Merci beaucoup.<\/p>\n<\/li><li><h4>BELLANGER<\/h4><h5>20\/02\/2020<\/h5> <p>Bravo \u00e0 Monsieur Captain Pop, belle soir\u00e9e au Karellis \u00ab\u00a0ARC EN CIEL\u00a0\u00bb.<br \/>\nUn r\u00e9pertoire large entre les ann\u00e9es 1970 \u00e0  aujourd&rsquo;hui ( Calogero , Prince, Jean-Luc La Haye, Michel Delpech&#8230;).<br \/>\nUne belle mise en sc\u00e8ne de Captain Pop et belle tessiture pour le tour de chant.<br \/>\nBravo&#8230;<\/p>\n<\/li><li><h4>J\u00e9r\u00f4me et La\u00ebtitia<\/h4><h5>09\/10\/2018<\/h5> <p>Un super mariage gr\u00e2ce \u00e0 captain pop!<br \/>\nNous le conseillons fortement !<br \/>\nEncore merci pour tout .<\/p>\n<\/li><li><h4>St\u00e9phane et Jennifer<\/h4><h5>23\/09\/2018<\/h5> <p>Un mariage r\u00e9ussi passe aussi par une animation musicale au top. Et captainpop a \u00e9t\u00e9 formidable et extraordinaire. Un grand merci \u00e0 Philippe pour ses choix musicaux et tout son sens de l&rsquo;animation. Tous nos invit\u00e9s ont ete conquis par Captainpop. BRAVO et encore MERCI.<\/p>\n<\/li><li><h4>APMA77<\/h4><h5>27\/12\/2017<\/h5> <p>Un tr\u00e8s beau spectacle pour petits comme pour les grands!! Tout le monde se laisse (em)porter par la musique et le voyage autour du monde plein de surprises&#8230;Bon vent Captain pop!<\/p>\n<\/li><li><h4>Robert Family<\/h4><h5>21\/12\/2017<\/h5> <p>Depuis plusieurs ann\u00e9es, nous assistons r\u00e9guli\u00e8rement aux concerts de Captain pop en solo devant un public adulte. Il sait s&rsquo;adapter avec gentillesse et humour et met une ambiance de salle qu&rsquo;on ne retrouve nulle part ailleurs.<br \/>\nPour la premi\u00e8re fois, le samedi 9 d\u00e9cembre 2017, nous avons assist\u00e9 \u00e0 son spectacle du voyage autour du monde, destin\u00e9 \u00e0 un public plus jeune. Tout \u00e9tait merveilleux. Enfants et parents ont ador\u00e9 ce moment de partage.<br \/>\nA consommer sans mod\u00e9ration!<\/p>\n<\/li><li><h4>Mairie Hauteville les dijon<\/h4><h5>18\/12\/2017<\/h5> <p>Spectacle tr\u00e8s sympathique, tout comme l&rsquo;artiste. A beaucoup plu aux enfants de part son interactivit\u00e9 et les musiques choisies.<br \/>\nNous recommandons !<br \/>\n\u00c0 bient\u00f4t peut \u00eatre pour de nouvelles aventures.<\/p>\n<\/li><li><h4>GROLLEAU DANIEL<\/h4><h5>18\/12\/2017<\/h5> <p>Bonjour, merci pour votre prestation.Ce spectacle \u00ab\u00a0cptain pop\u00a0\u00bb correspondait vraiment \u00e0 nos attentes, nous avons appr\u00e9ci\u00e9 l&rsquo;interaction avec les enfants et les parents. Les retours sont positifs.<br \/>\nDeux artistes professionnels avec du bon mat\u00e9riels.<br \/>\nNous recommandons ce spectacle.<br \/>\nBonne continuation.<br \/>\nDaniel GROLLEAU FCBS Parcieux<\/p>\n<\/li><li><h4>GILBERT<\/h4><h5>25\/10\/2017<\/h5> <p>Un immense MERCI Captainpop&#8230; tout le monde a ador\u00e9 l&rsquo;ambiance et l&rsquo;\u00e9nergie que tu as su insuffler lors de notre soir\u00e9e de mariage du 21 octobre 2017.<br \/>\nTout \u00e9tait parfait du d\u00e9but \u00e0 la fin&#8230; le timing, la musique, les animations, la complicit\u00e9 que ta as su cr\u00e9er entre nous pour que ce mariage nous ressemble totalement.<br \/>\nBravo a toi et encore merci. On prendra beaucoup de plaisir a te recroiser lors de soir\u00e9e organis\u00e9e au \u00ab\u00a0Bleu de France\u00a0\u00bb a Caluire.<\/p>\n<p>Pleins de bonnes choses \ud83d\ude42<\/p>\n<p>Audrey &amp; Eric<\/p>\n<\/li><li><h4>Evelyne BERAUD<\/h4><h5>04\/09\/2017<\/h5> <p>Merci pour l&rsquo;ambiance tr\u00e8s conviviale et chaleureuse que vous avez su cr\u00e9\u00e9e samedi soir.<br \/>\nJe me permets de vous solliciter afin de savoir quels sont vos tarifs pour une soir\u00e9e dans l&rsquo;Is\u00e8re au sein du manoir de mon cousin (pas du c\u00f4t\u00e9 de Fabienne). Merci d&rsquo;avance.<br \/>\nEvelyne 0619698089.<\/p>\n<\/li><li><h4>Page<\/h4><h5>29\/06\/2017<\/h5> <p>Un grand merci pour avoir mis le feu lors de notre mariage le 20 mai 2017. Quel chanteur, animateur, DJ!!!!!  Encore un grand bravo et surtout merci beaucoup, tout le monde a \u00e9t\u00e9 conquis! Justine et Fred<\/p>\n<\/li><li><h4>elodie letemplier<\/h4><h5>15\/06\/2017<\/h5> <p>Captain Pop a une fa\u00e7on vraiment unique d&rsquo;animer une soir\u00e9e. Il met une super ambiance tout en restant tr\u00e8s soft sur la mani\u00e8re de faire participer les uns et les autres. Le tout est fait avec beaucoup d&rsquo;humour et des morceaux de musique live. Une super soir\u00e9e!<\/p>\n<\/li><li><h4>Poyet<\/h4><h5>12\/06\/2017<\/h5> <p>Captain Pop, ce serait presque lui la star d&rsquo;une soir\u00e9e \ud83d\ude42<br \/>\nQuizz musicaux, accompagnement guitarissime d&rsquo;exception, jeux de danse, animation tout public, choix de morceaux choisis&#8230;<br \/>\nIl devient donc impossible de se passer de lui, quelque soit la nature de l&rsquo;\u00e9v\u00e9nement.<br \/>\nOn en redemande ! Merci et bravo de la passion que tu partages \ud83d\ude42 Carine<\/p>\n<\/li><li><h4>Magali et Guillaume<\/h4><h5>05\/06\/2017<\/h5> <p>Un grand merci pour l&rsquo;animation de notre mariage ce 3 juin 2017.<br \/>\nLe c\u00f4t\u00e9 live \u00e9tait super et tous les invit\u00e9s ont appr\u00e9ci\u00e9 l&rsquo;ambiance. La playlist pass\u00e9e pendant le repas \u00e9tait tout \u00e0 fait \u00e0 notre go\u00fbt, tu nous as bien cern\u00e9s \ud83d\ude09<br \/>\nBonne continuation<br \/>\nMagali et Guillaume<\/p>\n<\/li><li><h4>BRAYARD DOMINIQUE<\/h4><h5>01\/06\/2017<\/h5> <p>Pour toute cette \u00e9nergie que tu d\u00e9ploies, Captain pop merci !!!<br \/>\nD\u00e8s les premi\u00e8res notes de musiques nos jambes commencent \u00e0 fourmiller et nous n\u2019avons plus qu\u2019une seule envie, te rejoindre dans ta folie et nous perdre dans ta musique.<br \/>\nA conseiller \u00e0 tous ceux qui veulent passer un moment sympa sans se prendre la t\u00eate avec une musique de qualit\u00e9 au son d\u2019une voix exceptionnelle et d\u2019un r\u00e9pertoire vari\u00e9.<br \/>\nOn ne s\u2019ennuie jamais quand Captain pop est aux commandes, chaque soir\u00e9e est une nouvelle d\u00e9couverte si captivante qu\u2019on en redemande.<\/p>\n<\/li><li><h4>Digoonet<\/h4><h5>30\/05\/2017<\/h5> <p>Super prestations de Captain Pop, nous avons fait appel \u00e0 ses services \u00e0 deux reprises, le 13\/07\/2016 pour animer notre bal en plein air \u00e0 Cailloux sur fontaines (plus de 1000 personnes), et le 14\/05\/17 pour le banquet de nos classes.<br \/>\nUne ambiance de folie, avec une personne enti\u00e8rement \u00e0 votre \u00e9coute, et qui comprend imm\u00e9diatement vos attentes pour animer votre soir\u00e9e.<\/p>\n<p>\u00e0 consommer sans mod\u00e9ration !<\/p>\n<p>Cordialement<br \/>\nLes classes en 7 de Cailloux sur fontaines<\/p>\n<\/li><li><h4>JOGUET Caroline<\/h4><h5>29\/05\/2017<\/h5> <p>Une animation tout en subtilit\u00e9: rien de too much, une prestation compl\u00e8tement adapt\u00e9e \u00e0 son public. Des comp\u00e9tences reconnues mais une mise en avant discr\u00e8te.<br \/>\n==&gt; un carton plein aupr\u00e8s des invit\u00e9s<\/p>\n<\/li><li><h4>Gabet pierre<\/h4><h5>13\/02\/2017<\/h5> <p>Bravo Captain ! Une superbe soir\u00e9e sur le double th\u00e8me Hippie &amp; Maritie et Gilbert Carpentier pour l&rsquo;anniversaire de ma ch\u00e9rie. Une musique au top, une animation hyper professionnelle,  une \u00e9coute attentive pour un r\u00e9sultat exceptionnel ! \u00c0 r\u00e9server surtout si vous en avez marre de ces DJ&rsquo;s statiques et creux. Merci pour cette soir\u00e9e tr\u00e8s accomplie !!!<\/p>\n<\/li><\/ul>\n","protected":false},"excerpt":{"rendered":"<p>Des t\u00e9moignages pour l&rsquo;\u00e9ternit\u00e9 Dans le monde entier, de Calcutta \u00e0 Pont-Trambouze<\/p>\n","protected":false},"author":2,"featured_media":513,"parent":408,"menu_order":0,"comment_status":"open","ping_status":"closed","template":"","meta":{"footnotes":""},"class_list":["post-1018","page","type-page","status-publish","has-post-thumbnail","hentry"],"_links":{"self":[{"href":"https:\/\/captainpop.fr\/wordpress\/wp-json\/wp\/v2\/pages\/1018","targetHints":{"allow":["GET"]}}],"collection":[{"href":"https:\/\/captainpop.fr\/wordpress\/wp-json\/wp\/v2\/pages"}],"about":[{"href":"https:\/\/captainpop.fr\/wordpress\/wp-json\/wp\/v2\/types\/page"}],"author":[{"embeddable":true,"href":"https:\/\/captainpop.fr\/wordpress\/wp-json\/wp\/v2\/users\/2"}],"replies":[{"embeddable":true,"href":"https:\/\/captainpop.fr\/wordpress\/wp-json\/wp\/v2\/comments?post=1018"}],"version-history":[{"count":12,"href":"https:\/\/captainpop.fr\/wordpress\/wp-json\/wp\/v2\/pages\/1018\/revisions"}],"predecessor-version":[{"id":1189,"href":"https:\/\/captainpop.fr\/wordpress\/wp-json\/wp\/v2\/pages\/1018\/revisions\/1189"}],"up":[{"embeddable":true,"href":"https:\/\/captainpop.fr\/wordpress\/wp-json\/wp\/v2\/pages\/408"}],"wp:featuredmedia":[{"embeddable":true,"href":"https:\/\/captainpop.fr\/wordpress\/wp-json\/wp\/v2\/media\/513"}],"wp:attachment":[{"href":"https:\/\/captainpop.fr\/wordpress\/wp-json\/wp\/v2\/media?parent=1018"}],"curies":[{"name":"wp","href":"https:\/\/api.w.org\/{rel}","templated":true}]}}