{"id":129,"date":"2025-01-05T13:49:04","date_gmt":"2025-01-05T12:49:04","guid":{"rendered":"https:\/\/captainpop.fr\/wordpress\/?page_id=129"},"modified":"2025-05-13T12:11:19","modified_gmt":"2025-05-13T10:11:19","slug":"creation-coaching","status":"publish","type":"page","link":"https:\/\/captainpop.fr\/wordpress\/rose\/creation-coaching\/","title":{"rendered":"Cr\u00e9ation &amp; Coaching"},"content":{"rendered":"\n<div class=\"wp-block-media-text has-media-on-the-right is-stacked-on-mobile has-accent-background-color has-background\" style=\"grid-template-columns:auto 40%\"><div class=\"wp-block-media-text__content\">\n<h2 class=\"wp-block-heading has-text-align-right has-pure-white-color has-text-color has-link-color wp-elements-25ab77e1c2b1505fe356ba54b675da74\">In the coulisse of the chobiznems<\/h2>\n\n\n\n<h3 class=\"wp-block-heading has-text-align-right has-pure-white-color has-text-color has-link-color wp-elements-96f47998ad7d69c97269731881f00697\">Ne mens pas : Comme tout le monde, tu as un jour r\u00eav\u00e9 d&rsquo;\u00eatre une star&#8230;<\/h3>\n<\/div><figure class=\"wp-block-media-text__media\"><img loading=\"lazy\" decoding=\"async\" width=\"1024\" height=\"1024\" src=\"https:\/\/captainpop.fr\/wordpress\/wp-content\/uploads\/2025\/02\/Firefly-Une-adolescente-chante-dans-sa-chambre-devant-son-miroir-en-se-prenant-pour-une-star-avec-u-1024x1024.jpg\" alt=\"\" class=\"wp-image-638 size-full\" srcset=\"https:\/\/captainpop.fr\/wordpress\/wp-content\/uploads\/2025\/02\/Firefly-Une-adolescente-chante-dans-sa-chambre-devant-son-miroir-en-se-prenant-pour-une-star-avec-u-1024x1024.jpg 1024w, https:\/\/captainpop.fr\/wordpress\/wp-content\/uploads\/2025\/02\/Firefly-Une-adolescente-chante-dans-sa-chambre-devant-son-miroir-en-se-prenant-pour-une-star-avec-u-300x300.jpg 300w, https:\/\/captainpop.fr\/wordpress\/wp-content\/uploads\/2025\/02\/Firefly-Une-adolescente-chante-dans-sa-chambre-devant-son-miroir-en-se-prenant-pour-une-star-avec-u-150x150.jpg 150w, https:\/\/captainpop.fr\/wordpress\/wp-content\/uploads\/2025\/02\/Firefly-Une-adolescente-chante-dans-sa-chambre-devant-son-miroir-en-se-prenant-pour-une-star-avec-u-768x768.jpg 768w, https:\/\/captainpop.fr\/wordpress\/wp-content\/uploads\/2025\/02\/Firefly-Une-adolescente-chante-dans-sa-chambre-devant-son-miroir-en-se-prenant-pour-une-star-avec-u-1536x1536.jpg 1536w, https:\/\/captainpop.fr\/wordpress\/wp-content\/uploads\/2025\/02\/Firefly-Une-adolescente-chante-dans-sa-chambre-devant-son-miroir-en-se-prenant-pour-une-star-avec-u.jpg 2048w\" sizes=\"auto, (max-width: 1024px) 100vw, 1024px\" \/><\/figure><\/div>\n\n\n\n<p>&#8230; de te produire sur sc\u00e8ne devant un parterre m\u00e9dus\u00e9 de fanatiques qui idol\u00e2trent ta voix et en veulent \u00e0 ton corps. Ou mieux, devenir aussi connu que le Captain Pop lui-m\u00eame.<\/p>\n\n\n\n<div class=\"wp-block-media-text is-stacked-on-mobile\"><figure class=\"wp-block-media-text__media\"><img loading=\"lazy\" decoding=\"async\" width=\"749\" height=\"461\" src=\"https:\/\/captainpop.fr\/wordpress\/wp-content\/uploads\/2025\/01\/logic-studio-070912-2.png\" alt=\"\" class=\"wp-image-192 size-full\" srcset=\"https:\/\/captainpop.fr\/wordpress\/wp-content\/uploads\/2025\/01\/logic-studio-070912-2.png 749w, https:\/\/captainpop.fr\/wordpress\/wp-content\/uploads\/2025\/01\/logic-studio-070912-2-300x185.png 300w\" sizes=\"auto, (max-width: 749px) 100vw, 749px\" \/><\/figure><div class=\"wp-block-media-text__content\">\n<h3 class=\"wp-block-heading\">Le Chobiz \u00e0 port\u00e9e de main<\/h3>\n\n\n\n<p>Entre dans le studio d\u2019enregistrement du Captain Pop, \u00e9quipe-toi de jolies lunettes roses et flashy que m\u00eame Elton John pourrait envier, chauffe tes cordes vocales et l\u00e2che-toi devant le micro ! Le Captain pop te guide, tel un gourou de la Sensualit\u00e9 Musicale, afin de r\u00e9aliser ton r\u00eave le plus fou : enregistrer TA chanson.<\/p>\n<\/div><\/div>\n\n\n\n<p><\/p>\n\n\n\n<div class=\"wp-block-columns is-layout-flex wp-container-core-columns-is-layout-28f84493 wp-block-columns-is-layout-flex\">\n<div class=\"wp-block-column is-layout-flow wp-block-column-is-layout-flow\">\n<p>En exemple, un c\u00e9l\u00e8bre tube m\u00e9connu du Captain Pop, directement sorti de son studio de Los Angeles-sur-Sa\u00f4ne : \u00ab&nbsp;Si tu t\u2019en irais&nbsp;\u00bb.<\/p>\n\n\n\n<figure class=\"wp-block-audio\"><audio controls src=\"https:\/\/captainpop.fr\/wordpress\/wp-content\/uploads\/2025\/01\/Si-tu-ten-irais.mp3\"><\/audio><figcaption class=\"wp-element-caption\">\u00ab\u00a0Si tu t&rsquo;en irais\u00a0\u00bb, un texte d\u00e9chirant sur une musique de Pop Orgasmique Alternative<\/figcaption><\/figure>\n<\/div>\n\n\n\n<div class=\"wp-block-column is-layout-flow wp-block-column-is-layout-flow\">\n<p>\u00ab&nbsp;Incontr\u00f4lable&nbsp;\u00bb, une reprise de Louane, r\u00e9orchestr\u00e9e, et interpr\u00e9t\u00e9e par Lilou et Lola, deux futures stars mondiales de la chanson.<\/p>\n\n\n\n<figure class=\"wp-block-audio\"><audio controls src=\"https:\/\/captainpop.fr\/wordpress\/wp-content\/uploads\/2025\/01\/Incontrolables-Girls.mp3\"><\/audio><figcaption class=\"wp-element-caption\">\u00ab\u00a0Incontr\u00f4lable\u00a0\u00bb, la jeunesse de demain plus fort que \u00ab\u00a0The Voice\u00a0\u00bb<\/figcaption><\/figure>\n<\/div>\n<\/div>\n\n\n\n<hr class=\"wp-block-separator has-alpha-channel-opacity\"\/>\n\n\n\n<div class=\"wp-block-media-text has-media-on-the-right is-stacked-on-mobile has-background\" style=\"background-color:#273c53;grid-template-columns:auto 40%\"><div class=\"wp-block-media-text__content\">\n<h2 class=\"wp-block-heading has-text-align-right has-pure-white-color has-text-color has-link-color wp-elements-52b98ddd7d3268674302c2d0aeebfc12\">Coh\u00e9sion d&rsquo;\u00e9quipe en Entreprise<\/h2>\n\n\n\n<h3 class=\"wp-block-heading has-text-align-right has-pure-white-color has-text-color has-link-color wp-elements-1aa58ae458cfe8699d3e1cbc0792044a\">Toi aussi, tu peux \u00eatre la star de l&rsquo;open-space, celui-celle dont tout le monde parle \u00e0 la machine \u00e0 caf\u00e9 !<\/h3>\n<\/div><figure class=\"wp-block-media-text__media\"><img loading=\"lazy\" decoding=\"async\" width=\"1024\" height=\"1024\" src=\"https:\/\/captainpop.fr\/wordpress\/wp-content\/uploads\/2025\/05\/20ebfd570ff208de0b9954234a66ca5cdf2cbd0148d5646ae43d18a6bb13f98b.png\" alt=\"\" class=\"wp-image-1208 size-full\" srcset=\"https:\/\/captainpop.fr\/wordpress\/wp-content\/uploads\/2025\/05\/20ebfd570ff208de0b9954234a66ca5cdf2cbd0148d5646ae43d18a6bb13f98b.png 1024w, https:\/\/captainpop.fr\/wordpress\/wp-content\/uploads\/2025\/05\/20ebfd570ff208de0b9954234a66ca5cdf2cbd0148d5646ae43d18a6bb13f98b-300x300.png 300w, https:\/\/captainpop.fr\/wordpress\/wp-content\/uploads\/2025\/05\/20ebfd570ff208de0b9954234a66ca5cdf2cbd0148d5646ae43d18a6bb13f98b-150x150.png 150w, https:\/\/captainpop.fr\/wordpress\/wp-content\/uploads\/2025\/05\/20ebfd570ff208de0b9954234a66ca5cdf2cbd0148d5646ae43d18a6bb13f98b-768x768.png 768w\" sizes=\"auto, (max-width: 1024px) 100vw, 1024px\" \/><\/figure><\/div>\n\n\n\n<p>L\u00e0, c&rsquo;est du s\u00e9rieux : en association avec Pascale Imbert du cabinet, ITIN\u00c9RAIRES COACHING, nous proposons un atelier de cr\u00e9ation musicale de groupe.<\/p>\n\n\n\n<p> Dans le cadre de la th\u00e9matique de coh\u00e9sion d\u2019\u00e9quipe, cet atelier va permettre au groupe et \u00e0 chacun d\u2019analyser le processus cr\u00e9atif et d\u2019atteindre plusieurs objectifs :<\/p>\n\n\n\n<ul class=\"wp-block-list\">\n<li>d\u00e9velopper l\u2019\u00e9coute<\/li>\n\n\n\n<li>jouer sur son intelligence \u00e9motionnelle<\/li>\n\n\n\n<li>collaborer, communiquer <\/li>\n\n\n\n<li> s\u2019adapter a une t\u00e2che musicale et un environnement nouveaux<\/li>\n\n\n\n<li>prendre des d\u00e9cisions artistiques <\/li>\n\n\n\n<li>l\u00e2cher prise, se lib\u00e9rer, chanter, s\u2019exposer sur ses go\u00fbts musicaux intimes <\/li>\n<\/ul>\n\n\n\n<p>\u2026 le tout dans une ambiance bienveillante, musicale, color\u00e9e\u2026 Pop !<\/p>\n\n\n\n<p> L\u2019objectif est de m\u00e9langer, adapter\u2026 Pour au final, cr\u00e9er et enregistrer une chanson, un hymne (et pourquoi pas un clip!?) en \u00ab&nbsp;faisant s\u00e9rieusement les choses sans se prendre trop au s\u00e9rieux&nbsp;\u00bb<\/p>\n\n\n\n<p><\/p>\n","protected":false},"excerpt":{"rendered":"<p>In the coulisse of the chobiznems Ne mens pas : Comme tout le monde, tu as un jour r\u00eav\u00e9 d&rsquo;\u00eatre une star&#8230; &#8230; de te produire sur sc\u00e8ne devant un parterre m\u00e9dus\u00e9 de fanatiques qui idol\u00e2trent ta voix et en veulent \u00e0 ton corps. Ou mieux, devenir aussi connu que le Captain Pop lui-m\u00eame. Le [&hellip;]<\/p>\n","protected":false},"author":2,"featured_media":28,"parent":469,"menu_order":0,"comment_status":"closed","ping_status":"closed","template":"","meta":{"footnotes":""},"class_list":["post-129","page","type-page","status-publish","has-post-thumbnail","hentry"],"_links":{"self":[{"href":"https:\/\/captainpop.fr\/wordpress\/wp-json\/wp\/v2\/pages\/129","targetHints":{"allow":["GET"]}}],"collection":[{"href":"https:\/\/captainpop.fr\/wordpress\/wp-json\/wp\/v2\/pages"}],"about":[{"href":"https:\/\/captainpop.fr\/wordpress\/wp-json\/wp\/v2\/types\/page"}],"author":[{"embeddable":true,"href":"https:\/\/captainpop.fr\/wordpress\/wp-json\/wp\/v2\/users\/2"}],"replies":[{"embeddable":true,"href":"https:\/\/captainpop.fr\/wordpress\/wp-json\/wp\/v2\/comments?post=129"}],"version-history":[{"count":25,"href":"https:\/\/captainpop.fr\/wordpress\/wp-json\/wp\/v2\/pages\/129\/revisions"}],"predecessor-version":[{"id":1210,"href":"https:\/\/captainpop.fr\/wordpress\/wp-json\/wp\/v2\/pages\/129\/revisions\/1210"}],"up":[{"embeddable":true,"href":"https:\/\/captainpop.fr\/wordpress\/wp-json\/wp\/v2\/pages\/469"}],"wp:featuredmedia":[{"embeddable":true,"href":"https:\/\/captainpop.fr\/wordpress\/wp-json\/wp\/v2\/media\/28"}],"wp:attachment":[{"href":"https:\/\/captainpop.fr\/wordpress\/wp-json\/wp\/v2\/media?parent=129"}],"curies":[{"name":"wp","href":"https:\/\/api.w.org\/{rel}","templated":true}]}}