{"id":729,"date":"2025-02-08T17:01:29","date_gmt":"2025-02-08T16:01:29","guid":{"rendered":"https:\/\/captainpop.fr\/wordpress\/?page_id=729"},"modified":"2025-03-02T14:44:54","modified_gmt":"2025-03-02T13:44:54","slug":"spectacles-pop-bleu","status":"publish","type":"page","link":"https:\/\/captainpop.fr\/wordpress\/bleu\/concerts-spectacles-bleu\/spectacles-pop-bleu\/","title":{"rendered":"Spectacles Pop"},"content":{"rendered":"\n<div class=\"wp-block-media-text has-media-on-the-right is-stacked-on-mobile has-midnight-gradient-background has-background\" style=\"grid-template-columns:auto 40%\"><div class=\"wp-block-media-text__content\">\n<figure class=\"wp-block-image size-full is-resized has-custom-border captainshotleft\"><img loading=\"lazy\" decoding=\"async\" width=\"476\" height=\"476\" src=\"https:\/\/captainpop.fr\/wordpress\/wp-content\/uploads\/2025\/02\/pop50-logo-1-edited.jpg\" alt=\"\" class=\"has-border-color has-accent-border-color wp-image-878\" style=\"border-width:8px;border-radius:100px;object-fit:cover;width:155px;height:auto\" srcset=\"https:\/\/captainpop.fr\/wordpress\/wp-content\/uploads\/2025\/02\/pop50-logo-1-edited.jpg 476w, https:\/\/captainpop.fr\/wordpress\/wp-content\/uploads\/2025\/02\/pop50-logo-1-edited-300x300.jpg 300w, https:\/\/captainpop.fr\/wordpress\/wp-content\/uploads\/2025\/02\/pop50-logo-1-edited-150x150.jpg 150w\" sizes=\"auto, (max-width: 476px) 100vw, 476px\" \/><\/figure>\n\n\n\n<h2 class=\"wp-block-heading has-text-align-right has-pure-white-color has-text-color has-link-color wp-elements-260e1422b2e624e107f0014a713833f6\">POP 50 \u00ab&nbsp;Ze Live Show&nbsp;\u00bb<\/h2>\n\n\n\n<h3 class=\"wp-block-heading has-text-align-right has-pure-white-color has-text-color has-link-color wp-elements-6710102f91bfb622b5a98497b6f7a462\">La quintessence des ann\u00e9es 80<\/h3>\n<\/div><figure class=\"wp-block-media-text__media\"><img loading=\"lazy\" decoding=\"async\" width=\"1024\" height=\"1024\" src=\"https:\/\/captainpop.fr\/wordpress\/wp-content\/uploads\/2025\/02\/Firefly-Un-plateau-de-television-ambiance-annees-1980-avec-un-decor-grandiose-lumieres-et-paillett-1024x1024.jpg\" alt=\"\" class=\"wp-image-653 size-full\" srcset=\"https:\/\/captainpop.fr\/wordpress\/wp-content\/uploads\/2025\/02\/Firefly-Un-plateau-de-television-ambiance-annees-1980-avec-un-decor-grandiose-lumieres-et-paillett-1024x1024.jpg 1024w, https:\/\/captainpop.fr\/wordpress\/wp-content\/uploads\/2025\/02\/Firefly-Un-plateau-de-television-ambiance-annees-1980-avec-un-decor-grandiose-lumieres-et-paillett-300x300.jpg 300w, https:\/\/captainpop.fr\/wordpress\/wp-content\/uploads\/2025\/02\/Firefly-Un-plateau-de-television-ambiance-annees-1980-avec-un-decor-grandiose-lumieres-et-paillett-150x150.jpg 150w, https:\/\/captainpop.fr\/wordpress\/wp-content\/uploads\/2025\/02\/Firefly-Un-plateau-de-television-ambiance-annees-1980-avec-un-decor-grandiose-lumieres-et-paillett-768x768.jpg 768w, https:\/\/captainpop.fr\/wordpress\/wp-content\/uploads\/2025\/02\/Firefly-Un-plateau-de-television-ambiance-annees-1980-avec-un-decor-grandiose-lumieres-et-paillett-1536x1536.jpg 1536w, https:\/\/captainpop.fr\/wordpress\/wp-content\/uploads\/2025\/02\/Firefly-Un-plateau-de-television-ambiance-annees-1980-avec-un-decor-grandiose-lumieres-et-paillett.jpg 2048w\" sizes=\"auto, (max-width: 1024px) 100vw, 1024px\" \/><\/figure><\/div>\n\n\n\n<p><\/p>\n\n\n\n<div class=\"wp-block-media-text is-stacked-on-mobile\" style=\"grid-template-columns:70% auto\"><figure class=\"wp-block-media-text__media\"><video controls src=\"https:\/\/captainpop.fr\/wordpress\/wp-content\/uploads\/2025\/01\/Montage-POP50-2.mov\"><\/video><\/figure><div class=\"wp-block-media-text__content\">\n<p>Une \u00e9mission en Live pour replonger dans les Eighties et retrouver vos stars pr\u00e9f\u00e9r\u00e9es plus fringantes que jamais: Marto SK et ses \u00ab\u00a0p&rsquo;tits clous\u00a0\u00bb,  entour\u00e9 de Sabrina, Europe, Myl\u00e8ne Farmer, Indochine, Cookie Dingler, Cyndi Lauper, U.S.A. for Africa, etc\u2026<\/p>\n<\/div><\/div>\n\n\n\n<hr class=\"wp-block-separator has-alpha-channel-opacity\"\/>\n\n\n\n<div class=\"wp-block-media-text has-media-on-the-right is-stacked-on-mobile has-background\" style=\"background-color:#c91062;grid-template-columns:auto 40%\"><div class=\"wp-block-media-text__content\">\n<figure class=\"wp-block-image size-large is-resized has-custom-border captainshotleft\"><img loading=\"lazy\" decoding=\"async\" width=\"1024\" height=\"1024\" src=\"https:\/\/captainpop.fr\/wordpress\/wp-content\/uploads\/2025\/01\/soiree-BC-part-II-final-11-1024x1024.jpg\" alt=\"\" class=\"has-border-color has-accent-border-color wp-image-288\" style=\"border-width:8px;border-radius:100px;aspect-ratio:1;object-fit:cover;width:150px\" srcset=\"https:\/\/captainpop.fr\/wordpress\/wp-content\/uploads\/2025\/01\/soiree-BC-part-II-final-11-1024x1024.jpg 1024w, https:\/\/captainpop.fr\/wordpress\/wp-content\/uploads\/2025\/01\/soiree-BC-part-II-final-11-300x300.jpg 300w, https:\/\/captainpop.fr\/wordpress\/wp-content\/uploads\/2025\/01\/soiree-BC-part-II-final-11-150x150.jpg 150w, https:\/\/captainpop.fr\/wordpress\/wp-content\/uploads\/2025\/01\/soiree-BC-part-II-final-11-768x768.jpg 768w, https:\/\/captainpop.fr\/wordpress\/wp-content\/uploads\/2025\/01\/soiree-BC-part-II-final-11-1536x1536.jpg 1536w, https:\/\/captainpop.fr\/wordpress\/wp-content\/uploads\/2025\/01\/soiree-BC-part-II-final-11-2048x2048.jpg 2048w\" sizes=\"auto, (max-width: 1024px) 100vw, 1024px\" \/><\/figure>\n\n\n\n<h2 class=\"wp-block-heading has-text-align-right has-pure-white-color has-text-color has-link-color wp-elements-adaa6ceca72aa3ad71f85fc5c7b1d90e\">Duel de Starzz<\/h2>\n\n\n\n<h3 class=\"wp-block-heading has-text-align-right has-pure-white-color has-text-color has-link-color wp-elements-cff8631b3103fe8478341f02d72671de\">La musique de Maritie et<br>Gilbert Carpentier\u2026<\/h3>\n<\/div><figure class=\"wp-block-media-text__media\"><img loading=\"lazy\" decoding=\"async\" width=\"1024\" height=\"1024\" src=\"https:\/\/captainpop.fr\/wordpress\/wp-content\/uploads\/2025\/02\/Firefly-Un-duo-de-stars-de-la-chanson-un-chanteur-et-une-chanteuse-celebres-souriants-chantent-c-1024x1024.jpg\" alt=\"\" class=\"wp-image-650 size-full\" srcset=\"https:\/\/captainpop.fr\/wordpress\/wp-content\/uploads\/2025\/02\/Firefly-Un-duo-de-stars-de-la-chanson-un-chanteur-et-une-chanteuse-celebres-souriants-chantent-c-1024x1024.jpg 1024w, https:\/\/captainpop.fr\/wordpress\/wp-content\/uploads\/2025\/02\/Firefly-Un-duo-de-stars-de-la-chanson-un-chanteur-et-une-chanteuse-celebres-souriants-chantent-c-300x300.jpg 300w, https:\/\/captainpop.fr\/wordpress\/wp-content\/uploads\/2025\/02\/Firefly-Un-duo-de-stars-de-la-chanson-un-chanteur-et-une-chanteuse-celebres-souriants-chantent-c-150x150.jpg 150w, https:\/\/captainpop.fr\/wordpress\/wp-content\/uploads\/2025\/02\/Firefly-Un-duo-de-stars-de-la-chanson-un-chanteur-et-une-chanteuse-celebres-souriants-chantent-c-768x768.jpg 768w, https:\/\/captainpop.fr\/wordpress\/wp-content\/uploads\/2025\/02\/Firefly-Un-duo-de-stars-de-la-chanson-un-chanteur-et-une-chanteuse-celebres-souriants-chantent-c-1536x1536.jpg 1536w, https:\/\/captainpop.fr\/wordpress\/wp-content\/uploads\/2025\/02\/Firefly-Un-duo-de-stars-de-la-chanson-un-chanteur-et-une-chanteuse-celebres-souriants-chantent-c.jpg 2048w\" sizes=\"auto, (max-width: 1024px) 100vw, 1024px\" \/><\/figure><\/div>\n\n\n\n<div class=\"wp-block-media-text is-stacked-on-mobile\" style=\"grid-template-columns:70% auto\"><figure class=\"wp-block-media-text__media\"><video controls src=\"https:\/\/captainpop.fr\/wordpress\/wp-content\/uploads\/2025\/01\/Duel-de-starzz-2.mov\"><\/video><\/figure><div class=\"wp-block-media-text__content\">\n<p>Le \u00ab&nbsp;DUEL&nbsp;\u00bb, derni\u00e8re chance pour les anciennes stars internationales de remonter sur sc\u00e8ne et relancer leur carri\u00e8re gr\u00e2ce \u00e0 vous ! Dave ou Joe Dassin ? CloClo ou Dalida ?<\/p>\n\n\n\n<p>Ils reviennent s&rsquo;affronter et chanter une derni\u00e8re fois pour retrouver le succ\u00e8s, sous vos yeux !<\/p>\n\n\n\n<p>Des tubes en live, des costumes de sc\u00e8ne qui brillent\u2026 Le strass et les paillettes des \u00e9missions de vari\u00e9t\u00e9 de cette \u00e9poque vintage\u2026 La r\u00e9trospective ultime d&rsquo;une d\u00e9cennie multicolore !<\/p>\n<\/div><\/div>\n\n\n\n<hr class=\"wp-block-separator has-alpha-channel-opacity\"\/>\n\n\n\n<div class=\"wp-block-media-text has-media-on-the-right is-stacked-on-mobile has-background\" style=\"background-color:#30221a;grid-template-columns:auto 40%\"><div class=\"wp-block-media-text__content\">\n<figure class=\"wp-block-image size-full is-resized has-custom-border captainshotleft\"><img loading=\"lazy\" decoding=\"async\" width=\"640\" height=\"427\" src=\"https:\/\/captainpop.fr\/wordpress\/wp-content\/uploads\/2025\/01\/polna3.jpg\" alt=\"\" class=\"has-border-color wp-image-425\" style=\"border-color:#4a3838;border-width:8px;border-radius:100px;aspect-ratio:1;object-fit:cover;width:150px\" srcset=\"https:\/\/captainpop.fr\/wordpress\/wp-content\/uploads\/2025\/01\/polna3.jpg 640w, https:\/\/captainpop.fr\/wordpress\/wp-content\/uploads\/2025\/01\/polna3-300x200.jpg 300w\" sizes=\"auto, (max-width: 640px) 100vw, 640px\" \/><\/figure>\n\n\n\n<h2 class=\"wp-block-heading has-text-align-right has-pure-white-color has-text-color has-link-color wp-elements-4251052234ed28c914efa3f4b230f803\">Spectacle pour les seniors<\/h2>\n\n\n\n<h3 class=\"wp-block-heading has-text-align-right has-pure-white-color has-text-color has-link-color wp-elements-728165e912fde51f3d7b2b77764ba602\">Quand on est jeune depuis plus longtemps que les autres&#8230;<\/h3>\n<\/div><figure class=\"wp-block-media-text__media\"><img loading=\"lazy\" decoding=\"async\" width=\"1024\" height=\"1024\" src=\"https:\/\/captainpop.fr\/wordpress\/wp-content\/uploads\/2025\/02\/Firefly-Un-couple-un-homme-et-une-femme-de-personnes-tres-agees-habillees-en-rocker-cuir-noir-ch-1024x1024.jpg\" alt=\"\" class=\"wp-image-661 size-full\" srcset=\"https:\/\/captainpop.fr\/wordpress\/wp-content\/uploads\/2025\/02\/Firefly-Un-couple-un-homme-et-une-femme-de-personnes-tres-agees-habillees-en-rocker-cuir-noir-ch-1024x1024.jpg 1024w, https:\/\/captainpop.fr\/wordpress\/wp-content\/uploads\/2025\/02\/Firefly-Un-couple-un-homme-et-une-femme-de-personnes-tres-agees-habillees-en-rocker-cuir-noir-ch-300x300.jpg 300w, https:\/\/captainpop.fr\/wordpress\/wp-content\/uploads\/2025\/02\/Firefly-Un-couple-un-homme-et-une-femme-de-personnes-tres-agees-habillees-en-rocker-cuir-noir-ch-150x150.jpg 150w, https:\/\/captainpop.fr\/wordpress\/wp-content\/uploads\/2025\/02\/Firefly-Un-couple-un-homme-et-une-femme-de-personnes-tres-agees-habillees-en-rocker-cuir-noir-ch-768x768.jpg 768w, https:\/\/captainpop.fr\/wordpress\/wp-content\/uploads\/2025\/02\/Firefly-Un-couple-un-homme-et-une-femme-de-personnes-tres-agees-habillees-en-rocker-cuir-noir-ch-1536x1536.jpg 1536w, https:\/\/captainpop.fr\/wordpress\/wp-content\/uploads\/2025\/02\/Firefly-Un-couple-un-homme-et-une-femme-de-personnes-tres-agees-habillees-en-rocker-cuir-noir-ch.jpg 2048w\" sizes=\"auto, (max-width: 1024px) 100vw, 1024px\" \/><\/figure><\/div>\n\n\n\n<p>Un r\u00e9pertoire de chansons fran\u00e7aises ind\u00e9modables des ann\u00e9es 60 et 70 : Sardou, Fugain, Brel, Aznavour, Polnareff, Johnny, Barbara, Nougaro, Delpech, Gainsbourg, Souchon, Dassin, Hugues Auffray, Henri Salvador, Christophe, Lama, Piaf, Nino Ferrer, Dutronc, CloClo, Lenorman, Mike Brant, Iglesias, Eddy Mitchell\u2026 Des textes et des m\u00e9lodies \u00e9ternelles pour faire swinguer les souvenirs\u2026 <\/p>\n","protected":false},"excerpt":{"rendered":"<p>Une \u00e9mission en Live pour replonger dans les Eighties et retrouver vos stars pr\u00e9f\u00e9r\u00e9es plus fringantes que jamais: Marto SK et ses \u00ab\u00a0p&rsquo;tits clous\u00a0\u00bb, entour\u00e9 de Sabrina, Europe, Myl\u00e8ne Farmer, Indochine, Cookie Dingler, Cyndi Lauper, U.S.A. for Africa, etc\u2026 Le \u00ab&nbsp;DUEL&nbsp;\u00bb, derni\u00e8re chance pour les anciennes stars internationales de remonter sur sc\u00e8ne et relancer leur [&hellip;]<\/p>\n","protected":false},"author":2,"featured_media":23,"parent":721,"menu_order":1,"comment_status":"closed","ping_status":"closed","template":"pages-bleues","meta":{"footnotes":""},"class_list":["post-729","page","type-page","status-publish","has-post-thumbnail","hentry"],"_links":{"self":[{"href":"https:\/\/captainpop.fr\/wordpress\/wp-json\/wp\/v2\/pages\/729","targetHints":{"allow":["GET"]}}],"collection":[{"href":"https:\/\/captainpop.fr\/wordpress\/wp-json\/wp\/v2\/pages"}],"about":[{"href":"https:\/\/captainpop.fr\/wordpress\/wp-json\/wp\/v2\/types\/page"}],"author":[{"embeddable":true,"href":"https:\/\/captainpop.fr\/wordpress\/wp-json\/wp\/v2\/users\/2"}],"replies":[{"embeddable":true,"href":"https:\/\/captainpop.fr\/wordpress\/wp-json\/wp\/v2\/comments?post=729"}],"version-history":[{"count":3,"href":"https:\/\/captainpop.fr\/wordpress\/wp-json\/wp\/v2\/pages\/729\/revisions"}],"predecessor-version":[{"id":1154,"href":"https:\/\/captainpop.fr\/wordpress\/wp-json\/wp\/v2\/pages\/729\/revisions\/1154"}],"up":[{"embeddable":true,"href":"https:\/\/captainpop.fr\/wordpress\/wp-json\/wp\/v2\/pages\/721"}],"wp:featuredmedia":[{"embeddable":true,"href":"https:\/\/captainpop.fr\/wordpress\/wp-json\/wp\/v2\/media\/23"}],"wp:attachment":[{"href":"https:\/\/captainpop.fr\/wordpress\/wp-json\/wp\/v2\/media?parent=729"}],"curies":[{"name":"wp","href":"https:\/\/api.w.org\/{rel}","templated":true}]}}