{"id":732,"date":"2025-02-08T17:09:31","date_gmt":"2025-02-08T16:09:31","guid":{"rendered":"https:\/\/captainpop.fr\/wordpress\/?page_id=732"},"modified":"2025-09-23T08:30:27","modified_gmt":"2025-09-23T06:30:27","slug":"spectacles-enfants-bleu","status":"publish","type":"page","link":"https:\/\/captainpop.fr\/wordpress\/bleu\/concerts-spectacles-bleu\/spectacles-enfants-bleu\/","title":{"rendered":"Spectacles pour enfants"},"content":{"rendered":"\n<div class=\"wp-block-media-text has-media-on-the-right is-stacked-on-mobile has-midnight-gradient-background has-background\" style=\"grid-template-columns:auto 40%\"><div class=\"wp-block-media-text__content\">\n<h2 class=\"wp-block-heading has-text-align-right has-pure-white-color has-text-color has-link-color wp-elements-67264397987f400b70afdf9eb3b6bbe8\">Le Voyage Pop autour du Monde<\/h2>\n<\/div><figure class=\"wp-block-media-text__media\"><img loading=\"lazy\" decoding=\"async\" width=\"1024\" height=\"1024\" src=\"https:\/\/captainpop.fr\/wordpress\/wp-content\/uploads\/2025\/02\/Firefly-Des-enfants-font-un-voyage-autour-du-monde-dans-une-montgolfiere.-28269-1024x1024.jpg\" alt=\"\" class=\"wp-image-621 size-full\" srcset=\"https:\/\/captainpop.fr\/wordpress\/wp-content\/uploads\/2025\/02\/Firefly-Des-enfants-font-un-voyage-autour-du-monde-dans-une-montgolfiere.-28269-1024x1024.jpg 1024w, https:\/\/captainpop.fr\/wordpress\/wp-content\/uploads\/2025\/02\/Firefly-Des-enfants-font-un-voyage-autour-du-monde-dans-une-montgolfiere.-28269-300x300.jpg 300w, https:\/\/captainpop.fr\/wordpress\/wp-content\/uploads\/2025\/02\/Firefly-Des-enfants-font-un-voyage-autour-du-monde-dans-une-montgolfiere.-28269-150x150.jpg 150w, https:\/\/captainpop.fr\/wordpress\/wp-content\/uploads\/2025\/02\/Firefly-Des-enfants-font-un-voyage-autour-du-monde-dans-une-montgolfiere.-28269-768x768.jpg 768w, https:\/\/captainpop.fr\/wordpress\/wp-content\/uploads\/2025\/02\/Firefly-Des-enfants-font-un-voyage-autour-du-monde-dans-une-montgolfiere.-28269-1536x1536.jpg 1536w, https:\/\/captainpop.fr\/wordpress\/wp-content\/uploads\/2025\/02\/Firefly-Des-enfants-font-un-voyage-autour-du-monde-dans-une-montgolfiere.-28269.jpg 2048w\" sizes=\"auto, (max-width: 1024px) 100vw, 1024px\" \/><\/figure><\/div>\n\n\n\n<div class=\"wp-block-group is-nowrap is-layout-flex wp-container-core-group-is-layout-6c531013 wp-block-group-is-layout-flex\">\n<figure class=\"wp-block-image size-large is-resized\"><img loading=\"lazy\" decoding=\"async\" width=\"1024\" height=\"768\" src=\"https:\/\/captainpop.fr\/wordpress\/wp-content\/uploads\/2025\/01\/P1050770-1024x768.jpg\" alt=\"\" class=\"wp-image-189\" style=\"width:572px;height:auto\" srcset=\"https:\/\/captainpop.fr\/wordpress\/wp-content\/uploads\/2025\/01\/P1050770-1024x768.jpg 1024w, https:\/\/captainpop.fr\/wordpress\/wp-content\/uploads\/2025\/01\/P1050770-300x225.jpg 300w, https:\/\/captainpop.fr\/wordpress\/wp-content\/uploads\/2025\/01\/P1050770-768x576.jpg 768w, https:\/\/captainpop.fr\/wordpress\/wp-content\/uploads\/2025\/01\/P1050770-1536x1152.jpg 1536w, https:\/\/captainpop.fr\/wordpress\/wp-content\/uploads\/2025\/01\/P1050770-2048x1536.jpg 2048w\" sizes=\"auto, (max-width: 1024px) 100vw, 1024px\" \/><\/figure>\n\n\n\n<div class=\"wp-block-group is-vertical is-layout-flex wp-container-core-group-is-layout-fe9cc265 wp-block-group-is-layout-flex\">\n<p>Une farandole pleine de couleurs o\u00f9 se m\u00e9langent d\u2019art du son, l\u2019art du langage, et le spectacle vivant.<\/p>\n\n\n\n<p>4 tableaux o\u00f9 vont s\u2019entrem\u00ealer la musique, la magie, la danse, la chanson, le rythme et le th\u00e9\u00e2tre, le tout reli\u00e9 par la th\u00e9matique du voyage.<\/p>\n\n\n\n<p>Un spectacle joyeux et dynamique, pour les petits et m\u00eame les grands! De la musique Live et de la bonne humeur, dans une ambiance interactive o\u00f9 vos enfants chantent, dansent, et vont m\u00eame jusqu\u2019\u00e0 jouer la com\u00e9die!<\/p>\n<\/div>\n<\/div>\n\n\n\n<figure class=\"wp-block-video\"><video height=\"360\" style=\"aspect-ratio: 640 \/ 360;\" width=\"640\" controls src=\"https:\/\/captainpop.fr\/wordpress\/wp-content\/uploads\/2025\/09\/Voyage-Pop-Teaser-V1.mov\"><\/video><\/figure>\n\n\n\n<hr class=\"wp-block-separator has-alpha-channel-opacity\"\/>\n\n\n\n<p class=\"has-text-align-center\"><\/p>\n\n\n\n<div class=\"wp-block-media-text has-media-on-the-right is-stacked-on-mobile has-background\" style=\"background-color:#bc936a;grid-template-columns:auto 40%\"><div class=\"wp-block-media-text__content\">\n<h2 class=\"wp-block-heading has-text-align-right has-pure-white-color has-text-color has-link-color wp-elements-ccd61abcc933163c75b5be4e1864e01b\">Princesses vs<br>Princes Charmants<\/h2>\n\n\n\n<h3 class=\"wp-block-heading has-text-align-right has-pure-white-color has-text-color has-link-color wp-elements-fc822a758a53b6020a52054750cee6fd\">Une com\u00e9die participative pleine de musique, de magie, d&rsquo;humour&#8230; <br>et d&rsquo;histoires de Princesses et de Princes charmants !<\/h3>\n<\/div><figure class=\"wp-block-media-text__media\"><img loading=\"lazy\" decoding=\"async\" width=\"1024\" height=\"1024\" src=\"https:\/\/captainpop.fr\/wordpress\/wp-content\/uploads\/2025\/02\/Firefly-Une-princesse-et-un-prince-charmant-entoures-denfants-dans-un-cadre-idyllique-au-moyen-ag-1024x1024.jpg\" alt=\"\" class=\"wp-image-623 size-full\" srcset=\"https:\/\/captainpop.fr\/wordpress\/wp-content\/uploads\/2025\/02\/Firefly-Une-princesse-et-un-prince-charmant-entoures-denfants-dans-un-cadre-idyllique-au-moyen-ag-1024x1024.jpg 1024w, https:\/\/captainpop.fr\/wordpress\/wp-content\/uploads\/2025\/02\/Firefly-Une-princesse-et-un-prince-charmant-entoures-denfants-dans-un-cadre-idyllique-au-moyen-ag-300x300.jpg 300w, https:\/\/captainpop.fr\/wordpress\/wp-content\/uploads\/2025\/02\/Firefly-Une-princesse-et-un-prince-charmant-entoures-denfants-dans-un-cadre-idyllique-au-moyen-ag-150x150.jpg 150w, https:\/\/captainpop.fr\/wordpress\/wp-content\/uploads\/2025\/02\/Firefly-Une-princesse-et-un-prince-charmant-entoures-denfants-dans-un-cadre-idyllique-au-moyen-ag-768x768.jpg 768w, https:\/\/captainpop.fr\/wordpress\/wp-content\/uploads\/2025\/02\/Firefly-Une-princesse-et-un-prince-charmant-entoures-denfants-dans-un-cadre-idyllique-au-moyen-ag-1536x1536.jpg 1536w, https:\/\/captainpop.fr\/wordpress\/wp-content\/uploads\/2025\/02\/Firefly-Une-princesse-et-un-prince-charmant-entoures-denfants-dans-un-cadre-idyllique-au-moyen-ag.jpg 2048w\" sizes=\"auto, (max-width: 1024px) 100vw, 1024px\" \/><\/figure><\/div>\n\n\n\n<p><\/p>\n\n\n\n<div class=\"wp-block-media-text is-stacked-on-mobile is-vertically-aligned-top\" style=\"grid-template-columns:47% auto\"><figure class=\"wp-block-media-text__media\"><img loading=\"lazy\" decoding=\"async\" width=\"1024\" height=\"683\" src=\"https:\/\/captainpop.fr\/wordpress\/wp-content\/uploads\/2025\/01\/photos-1024x683.jpg\" alt=\"\" class=\"wp-image-177 size-full\" srcset=\"https:\/\/captainpop.fr\/wordpress\/wp-content\/uploads\/2025\/01\/photos-1024x683.jpg 1024w, https:\/\/captainpop.fr\/wordpress\/wp-content\/uploads\/2025\/01\/photos-300x200.jpg 300w, https:\/\/captainpop.fr\/wordpress\/wp-content\/uploads\/2025\/01\/photos-768x512.jpg 768w, https:\/\/captainpop.fr\/wordpress\/wp-content\/uploads\/2025\/01\/photos.jpg 1500w\" sizes=\"auto, (max-width: 1024px) 100vw, 1024px\" \/><\/figure><div class=\"wp-block-media-text__content\">\n<p>Fifi est le plus c\u00e9l\u00e8bre troubadour des rois et des reines du monde entier&#8230; Il vient conter aux enfants les histoires c\u00e9l\u00e8bres de princes et de princesses, tir\u00e9es des plus grands contes et des dessins anim\u00e9s contemporains de Disney&#8230; mais de mani\u00e8re plus color\u00e9e !<\/p>\n\n\n\n<p>Avec son ukul\u00e9luth, il r\u00e9invente des grands mythes (Blanche Neige, Cendrillon\u2026 en passant par Aladdin et la reine des neiges) gr\u00e2ce \u00e0 l\u2019aide du public et sa participation active sur diff\u00e9rents tableaux: C\u2019est une grande pi\u00e8ce de th\u00e9\u00e2tre pleine d&rsquo;humour, interactive et festive, ou les enfants, acteurs, viennent s\u2019amuser, jouer la com\u00e9die et faire de la magie avec le Captain Pop.<\/p>\n\n\n\n<p>Si le divertissement et l\u2019objectif premier de cette com\u00e9die musicale, n\u00e9anmoins les th\u00e8mes suivants sont abord\u00e9s de mani\u00e8re sous-jacente avec humour et finesse: l&rsquo;amour, le respect, la parit\u00e9 homme\/femme, les valeurs morales.<\/p>\n<\/div><\/div>\n\n\n\n<hr class=\"wp-block-separator has-alpha-channel-opacity\"\/>\n\n\n\n<p><\/p>\n","protected":false},"excerpt":{"rendered":"<p>Le Voyage Pop autour du Monde Une farandole pleine de couleurs o\u00f9 se m\u00e9langent d\u2019art du son, l\u2019art du langage, et le spectacle vivant. 4 tableaux o\u00f9 vont s\u2019entrem\u00ealer la musique, la magie, la danse, la chanson, le rythme et le th\u00e9\u00e2tre, le tout reli\u00e9 par la th\u00e9matique du voyage. Un spectacle joyeux et dynamique, [&hellip;]<\/p>\n","protected":false},"author":2,"featured_media":621,"parent":721,"menu_order":2,"comment_status":"closed","ping_status":"closed","template":"pages-bleues","meta":{"footnotes":""},"class_list":["post-732","page","type-page","status-publish","has-post-thumbnail","hentry"],"_links":{"self":[{"href":"https:\/\/captainpop.fr\/wordpress\/wp-json\/wp\/v2\/pages\/732","targetHints":{"allow":["GET"]}}],"collection":[{"href":"https:\/\/captainpop.fr\/wordpress\/wp-json\/wp\/v2\/pages"}],"about":[{"href":"https:\/\/captainpop.fr\/wordpress\/wp-json\/wp\/v2\/types\/page"}],"author":[{"embeddable":true,"href":"https:\/\/captainpop.fr\/wordpress\/wp-json\/wp\/v2\/users\/2"}],"replies":[{"embeddable":true,"href":"https:\/\/captainpop.fr\/wordpress\/wp-json\/wp\/v2\/comments?post=732"}],"version-history":[{"count":9,"href":"https:\/\/captainpop.fr\/wordpress\/wp-json\/wp\/v2\/pages\/732\/revisions"}],"predecessor-version":[{"id":1225,"href":"https:\/\/captainpop.fr\/wordpress\/wp-json\/wp\/v2\/pages\/732\/revisions\/1225"}],"up":[{"embeddable":true,"href":"https:\/\/captainpop.fr\/wordpress\/wp-json\/wp\/v2\/pages\/721"}],"wp:featuredmedia":[{"embeddable":true,"href":"https:\/\/captainpop.fr\/wordpress\/wp-json\/wp\/v2\/media\/621"}],"wp:attachment":[{"href":"https:\/\/captainpop.fr\/wordpress\/wp-json\/wp\/v2\/media?parent=732"}],"curies":[{"name":"wp","href":"https:\/\/api.w.org\/{rel}","templated":true}]}}