{"id":93,"date":"2025-01-05T13:41:11","date_gmt":"2025-01-05T12:41:11","guid":{"rendered":"https:\/\/captainpop.fr\/wordpress\/?page_id=93"},"modified":"2025-02-24T17:36:16","modified_gmt":"2025-02-24T16:36:16","slug":"ta-soiree","status":"publish","type":"page","link":"https:\/\/captainpop.fr\/wordpress\/rose\/ta-soiree\/","title":{"rendered":"TA soir\u00e9e"},"content":{"rendered":"\n<h2 class=\"wp-block-heading has-accent-text-color has-hover-background-color has-text-color has-background has-link-color wp-elements-0f0b1305609f9ba9aa441b70e1c5f62b\">Dancefloor Forever<\/h2>\n\n\n\n<div class=\"wp-block-columns is-layout-flex wp-container-core-columns-is-layout-28f84493 wp-block-columns-is-layout-flex\">\n<div class=\"wp-block-column is-layout-flow wp-block-column-is-layout-flow\">\n<figure class=\"wp-block-image size-full is-resized\"><img loading=\"lazy\" decoding=\"async\" width=\"350\" height=\"262\" src=\"https:\/\/captainpop.fr\/wordpress\/wp-content\/uploads\/2025\/01\/couple_dance_in_laser350w.jpg\" alt=\"\" class=\"wp-image-289\" style=\"width:513px;height:auto\" srcset=\"https:\/\/captainpop.fr\/wordpress\/wp-content\/uploads\/2025\/01\/couple_dance_in_laser350w.jpg 350w, https:\/\/captainpop.fr\/wordpress\/wp-content\/uploads\/2025\/01\/couple_dance_in_laser350w-300x225.jpg 300w\" sizes=\"auto, (max-width: 350px) 100vw, 350px\" \/><\/figure>\n<\/div>\n\n\n\n<div class=\"wp-block-column is-layout-flow wp-block-column-is-layout-flow\">\n<figure class=\"wp-block-image size-large is-resized\"><img loading=\"lazy\" decoding=\"async\" width=\"1024\" height=\"768\" src=\"https:\/\/captainpop.fr\/wordpress\/wp-content\/uploads\/2025\/01\/exterieur-1024x768.jpg\" alt=\"\" class=\"wp-image-272\" style=\"width:508px;height:auto\" srcset=\"https:\/\/captainpop.fr\/wordpress\/wp-content\/uploads\/2025\/01\/exterieur-1024x768.jpg 1024w, https:\/\/captainpop.fr\/wordpress\/wp-content\/uploads\/2025\/01\/exterieur-300x225.jpg 300w, https:\/\/captainpop.fr\/wordpress\/wp-content\/uploads\/2025\/01\/exterieur-768x576.jpg 768w, https:\/\/captainpop.fr\/wordpress\/wp-content\/uploads\/2025\/01\/exterieur-1536x1152.jpg 1536w, https:\/\/captainpop.fr\/wordpress\/wp-content\/uploads\/2025\/01\/exterieur-2048x1536.jpg 2048w\" sizes=\"auto, (max-width: 1024px) 100vw, 1024px\" \/><\/figure>\n<\/div>\n<\/div>\n\n\n\n<p class=\"has-pure-white-background-color has-background\">Laisse-toi guider par la puissance cosmique du Captain Pop et son exp\u00e9rience forte de plusieurs si\u00e8cles dans le domaine du chobiznems: Pour toi et tes invit\u00e9s, il va attiser les braises de la d\u00e9mence des corps sur la piste de danse. R\u00e9v\u00e8le-lui tes go\u00fbts musicaux les plus inavouables, et il transformera ta soir\u00e9e en une f\u00eate pour les sens, une symphonie de plaisirs auditifs, un festival de sonorit\u00e9s et de lumi\u00e8res, o\u00f9 les corps vont fusionner avec la musique, \u00e9laborant des chor\u00e9graphies tribales et instinctives, d\u00e9clenchant des transes spiritiques exquises et des r\u00e9actions corporelles intimes \u00e9tonnantes&#8230;<\/p>\n\n\n\n<p class=\"has-pure-white-background-color has-background\">Tu ne t&rsquo;occupes que de tes invit\u00e9s, il fait le reste: organisation, timing, support technique, et mat\u00e9riel (vid\u00e9oprojecteur, micro, sonorisation adapt\u00e9e, lightshow, lunettes de stars\u2026), support artistique (accompagnement live, instruments\u2026)<\/p>\n\n\n\n<hr class=\"wp-block-separator has-alpha-channel-opacity\"\/>\n\n\n\n<h2 class=\"wp-block-heading has-accent-color has-text-color has-link-color wp-elements-78a61466b140ab47bd690a6fd6d1a664\">Animations : quand tout le monde participe !<\/h2>\n\n\n\n<div class=\"wp-block-columns is-layout-flex wp-container-core-columns-is-layout-28f84493 wp-block-columns-is-layout-flex\">\n<div class=\"wp-block-column is-layout-flow wp-block-column-is-layout-flow\">\n<figure class=\"wp-block-image size-large\"><img loading=\"lazy\" decoding=\"async\" width=\"1024\" height=\"1024\" src=\"https:\/\/captainpop.fr\/wordpress\/wp-content\/uploads\/2025\/01\/soiree-BC-part-II-final-11-1024x1024.jpg\" alt=\"\" class=\"wp-image-288\" srcset=\"https:\/\/captainpop.fr\/wordpress\/wp-content\/uploads\/2025\/01\/soiree-BC-part-II-final-11-1024x1024.jpg 1024w, https:\/\/captainpop.fr\/wordpress\/wp-content\/uploads\/2025\/01\/soiree-BC-part-II-final-11-300x300.jpg 300w, https:\/\/captainpop.fr\/wordpress\/wp-content\/uploads\/2025\/01\/soiree-BC-part-II-final-11-150x150.jpg 150w, https:\/\/captainpop.fr\/wordpress\/wp-content\/uploads\/2025\/01\/soiree-BC-part-II-final-11-768x768.jpg 768w, https:\/\/captainpop.fr\/wordpress\/wp-content\/uploads\/2025\/01\/soiree-BC-part-II-final-11-1536x1536.jpg 1536w, https:\/\/captainpop.fr\/wordpress\/wp-content\/uploads\/2025\/01\/soiree-BC-part-II-final-11-2048x2048.jpg 2048w\" sizes=\"auto, (max-width: 1024px) 100vw, 1024px\" \/><\/figure>\n<\/div>\n\n\n\n<div class=\"wp-block-column is-layout-flow wp-block-column-is-layout-flow\">\n<figure class=\"wp-block-image size-large\"><img loading=\"lazy\" decoding=\"async\" width=\"1024\" height=\"520\" src=\"https:\/\/captainpop.fr\/wordpress\/wp-content\/uploads\/2025\/01\/julien-1024x520.jpg\" alt=\"\" class=\"wp-image-279\" srcset=\"https:\/\/captainpop.fr\/wordpress\/wp-content\/uploads\/2025\/01\/julien-1024x520.jpg 1024w, https:\/\/captainpop.fr\/wordpress\/wp-content\/uploads\/2025\/01\/julien-300x152.jpg 300w, https:\/\/captainpop.fr\/wordpress\/wp-content\/uploads\/2025\/01\/julien-768x390.jpg 768w, https:\/\/captainpop.fr\/wordpress\/wp-content\/uploads\/2025\/01\/julien-1536x780.jpg 1536w, https:\/\/captainpop.fr\/wordpress\/wp-content\/uploads\/2025\/01\/julien-2048x1040.jpg 2048w\" sizes=\"auto, (max-width: 1024px) 100vw, 1024px\" \/><\/figure>\n<\/div>\n<\/div>\n\n\n\n<h3 class=\"wp-block-heading\" style=\"border-style:none;border-width:0px\">Personnalise ta soir\u00e9e suivant tes envies<\/h3>\n\n\n\n<ul class=\"wp-block-list\">\n<li>si tu penses que chanter est le meilleur rem\u00e8de pour atteindre le bonheur transcendental : <strong>karaoke<\/strong><\/li>\n\n\n\n<li>si tu as la conviction que la culture peut sauver le monde et renverser les tyrannies obscurantistes : <strong>quiz et blind test<\/strong><\/li>\n\n\n\n<li>si tu penses que ton corps est fait pour la sc\u00e8ne devant une foule de groupies : <strong>sc\u00e8ne ouverte<\/strong><\/li>\n\n\n\n<li>si tu aimes le challenge pour lutter contre le d\u00e9clin cognitif de ton cerveau qui vieillit chaque jour : <strong>jeux divers<\/strong> (musicaux ou non)<\/li>\n\n\n\n<li>si tes amis ne peuvent pas s&#8217;emp\u00eacher de louer tes prouesses et ton corps de r\u00eave : <strong>interventions diverses des invit\u00e9s<\/strong>\u2026<\/li>\n<\/ul>\n\n\n\n<div class=\"wp-block-columns is-layout-flex wp-container-core-columns-is-layout-28f84493 wp-block-columns-is-layout-flex\">\n<div class=\"wp-block-column is-layout-flow wp-block-column-is-layout-flow\">\n<figure class=\"wp-block-image size-large\"><img loading=\"lazy\" decoding=\"async\" width=\"1024\" height=\"491\" src=\"https:\/\/captainpop.fr\/wordpress\/wp-content\/uploads\/2025\/01\/IMG_20200306_150124-1-1024x491.jpg\" alt=\"\" class=\"wp-image-294\" srcset=\"https:\/\/captainpop.fr\/wordpress\/wp-content\/uploads\/2025\/01\/IMG_20200306_150124-1-1024x491.jpg 1024w, https:\/\/captainpop.fr\/wordpress\/wp-content\/uploads\/2025\/01\/IMG_20200306_150124-1-300x144.jpg 300w, https:\/\/captainpop.fr\/wordpress\/wp-content\/uploads\/2025\/01\/IMG_20200306_150124-1-768x368.jpg 768w, https:\/\/captainpop.fr\/wordpress\/wp-content\/uploads\/2025\/01\/IMG_20200306_150124-1-1536x736.jpg 1536w, https:\/\/captainpop.fr\/wordpress\/wp-content\/uploads\/2025\/01\/IMG_20200306_150124-1-2048x981.jpg 2048w\" sizes=\"auto, (max-width: 1024px) 100vw, 1024px\" \/><\/figure>\n<\/div>\n\n\n\n<div class=\"wp-block-column is-layout-flow wp-block-column-is-layout-flow\">\n<figure class=\"wp-block-image size-large is-resized\"><img loading=\"lazy\" decoding=\"async\" width=\"1024\" height=\"768\" src=\"https:\/\/captainpop.fr\/wordpress\/wp-content\/uploads\/2025\/01\/casquettes-1-1024x768.jpg\" alt=\"\" class=\"wp-image-269\" style=\"width:437px;height:auto\" srcset=\"https:\/\/captainpop.fr\/wordpress\/wp-content\/uploads\/2025\/01\/casquettes-1-1024x768.jpg 1024w, https:\/\/captainpop.fr\/wordpress\/wp-content\/uploads\/2025\/01\/casquettes-1-300x225.jpg 300w, https:\/\/captainpop.fr\/wordpress\/wp-content\/uploads\/2025\/01\/casquettes-1-768x576.jpg 768w, https:\/\/captainpop.fr\/wordpress\/wp-content\/uploads\/2025\/01\/casquettes-1-1536x1152.jpg 1536w, https:\/\/captainpop.fr\/wordpress\/wp-content\/uploads\/2025\/01\/casquettes-1-2048x1536.jpg 2048w\" sizes=\"auto, (max-width: 1024px) 100vw, 1024px\" \/><\/figure>\n<\/div>\n<\/div>\n\n\n\n<div class=\"wp-block-columns is-layout-flex wp-container-core-columns-is-layout-28f84493 wp-block-columns-is-layout-flex\">\n<div class=\"wp-block-column is-layout-flow wp-block-column-is-layout-flow\">\n<figure class=\"wp-block-image size-large\"><img loading=\"lazy\" decoding=\"async\" width=\"1739\" height=\"1217\" src=\"https:\/\/captainpop.fr\/wordpress\/wp-content\/uploads\/2025\/01\/19.07.lyon_.F.032_original-1-edited.jpg\" alt=\"\" class=\"wp-image-299\" srcset=\"https:\/\/captainpop.fr\/wordpress\/wp-content\/uploads\/2025\/01\/19.07.lyon_.F.032_original-1-edited.jpg 1739w, https:\/\/captainpop.fr\/wordpress\/wp-content\/uploads\/2025\/01\/19.07.lyon_.F.032_original-1-edited-300x210.jpg 300w, https:\/\/captainpop.fr\/wordpress\/wp-content\/uploads\/2025\/01\/19.07.lyon_.F.032_original-1-edited-1024x717.jpg 1024w, https:\/\/captainpop.fr\/wordpress\/wp-content\/uploads\/2025\/01\/19.07.lyon_.F.032_original-1-edited-768x537.jpg 768w, https:\/\/captainpop.fr\/wordpress\/wp-content\/uploads\/2025\/01\/19.07.lyon_.F.032_original-1-edited-1536x1075.jpg 1536w\" sizes=\"auto, (max-width: 1739px) 100vw, 1739px\" \/><\/figure>\n<\/div>\n\n\n\n<div class=\"wp-block-column is-layout-flow wp-block-column-is-layout-flow\">\n<figure class=\"wp-block-image size-large is-resized\"><img loading=\"lazy\" decoding=\"async\" width=\"833\" height=\"833\" src=\"https:\/\/captainpop.fr\/wordpress\/wp-content\/uploads\/2025\/01\/19.07.lyon_.Kptpop.40-1-edited-1.jpg\" alt=\"\" class=\"wp-image-300\" style=\"width:468px;height:auto\" srcset=\"https:\/\/captainpop.fr\/wordpress\/wp-content\/uploads\/2025\/01\/19.07.lyon_.Kptpop.40-1-edited-1.jpg 833w, https:\/\/captainpop.fr\/wordpress\/wp-content\/uploads\/2025\/01\/19.07.lyon_.Kptpop.40-1-edited-1-300x300.jpg 300w, https:\/\/captainpop.fr\/wordpress\/wp-content\/uploads\/2025\/01\/19.07.lyon_.Kptpop.40-1-edited-1-150x150.jpg 150w, https:\/\/captainpop.fr\/wordpress\/wp-content\/uploads\/2025\/01\/19.07.lyon_.Kptpop.40-1-edited-1-768x768.jpg 768w\" sizes=\"auto, (max-width: 833px) 100vw, 833px\" \/><\/figure>\n<\/div>\n<\/div>\n","protected":false},"excerpt":{"rendered":"<p>Dancefloor Forever Laisse-toi guider par la puissance cosmique du Captain Pop et son exp\u00e9rience forte de plusieurs si\u00e8cles dans le domaine du chobiznems: Pour toi et tes invit\u00e9s, il va attiser les braises de la d\u00e9mence des corps sur la piste de danse. R\u00e9v\u00e8le-lui tes go\u00fbts musicaux les plus inavouables, et il transformera ta soir\u00e9e [&hellip;]<\/p>\n","protected":false},"author":1,"featured_media":501,"parent":469,"menu_order":0,"comment_status":"closed","ping_status":"closed","template":"","meta":{"footnotes":""},"class_list":["post-93","page","type-page","status-publish","has-post-thumbnail","hentry"],"_links":{"self":[{"href":"https:\/\/captainpop.fr\/wordpress\/wp-json\/wp\/v2\/pages\/93","targetHints":{"allow":["GET"]}}],"collection":[{"href":"https:\/\/captainpop.fr\/wordpress\/wp-json\/wp\/v2\/pages"}],"about":[{"href":"https:\/\/captainpop.fr\/wordpress\/wp-json\/wp\/v2\/types\/page"}],"author":[{"embeddable":true,"href":"https:\/\/captainpop.fr\/wordpress\/wp-json\/wp\/v2\/users\/1"}],"replies":[{"embeddable":true,"href":"https:\/\/captainpop.fr\/wordpress\/wp-json\/wp\/v2\/comments?post=93"}],"version-history":[{"count":20,"href":"https:\/\/captainpop.fr\/wordpress\/wp-json\/wp\/v2\/pages\/93\/revisions"}],"predecessor-version":[{"id":1073,"href":"https:\/\/captainpop.fr\/wordpress\/wp-json\/wp\/v2\/pages\/93\/revisions\/1073"}],"up":[{"embeddable":true,"href":"https:\/\/captainpop.fr\/wordpress\/wp-json\/wp\/v2\/pages\/469"}],"wp:featuredmedia":[{"embeddable":true,"href":"https:\/\/captainpop.fr\/wordpress\/wp-json\/wp\/v2\/media\/501"}],"wp:attachment":[{"href":"https:\/\/captainpop.fr\/wordpress\/wp-json\/wp\/v2\/media?parent=93"}],"curies":[{"name":"wp","href":"https:\/\/api.w.org\/{rel}","templated":true}]}}